{"id":128,"date":"2021-11-25T11:34:04","date_gmt":"2021-11-25T11:34:04","guid":{"rendered":"https:\/\/www.kalibraceteplomeru.cz\/?page_id=128"},"modified":"2024-08-30T07:14:08","modified_gmt":"2024-08-30T07:14:08","slug":"dokumenty-ke-stazeni","status":"publish","type":"page","link":"https:\/\/www.kalibraceteplomeru.cz\/?page_id=128","title":{"rendered":"Dokumenty ke sta\u017een\u00ed"},"content":{"rendered":"\n<div class=\"wp-block-columns is-layout-flex wp-container-core-columns-is-layout-9d6595d7 wp-block-columns-is-layout-flex\">\n<div class=\"wp-block-column is-layout-flow wp-block-column-is-layout-flow\">\n<div class=\"wp-block-file\"><a id=\"wp-block-file--media-a08a328b-5152-42ae-bed6-fa8cae0ee5b9\" href=\"https:\/\/www.kalibraceteplomeru.cz\/wp-content\/uploads\/2021\/11\/VZ65_Objednavka-kalibrace-teplomeru_08-1.pdf\">Objedn\u00e1vka kalibrace ve form\u00e1tu (PDF)<\/a><a href=\"https:\/\/www.kalibraceteplomeru.cz\/wp-content\/uploads\/2021\/11\/VZ65_Objednavka-kalibrace-teplomeru_08-1.pdf\" class=\"wp-block-file__button wp-element-button\" download aria-describedby=\"wp-block-file--media-a08a328b-5152-42ae-bed6-fa8cae0ee5b9\">St\u00e1hnout<\/a><\/div>\n<\/div>\n\n\n\n<div class=\"wp-block-column is-layout-flow wp-block-column-is-layout-flow\">\n<div class=\"wp-block-file\"><a id=\"wp-block-file--media-019ccb85-90a2-49e5-9e90-963fec8780af\" href=\"https:\/\/www.kalibraceteplomeru.cz\/wp-content\/uploads\/2021\/11\/VZ65_Objednavka-kalibrace-teplomeru_08.docx\">Objedn\u00e1vka kalibrace ve form\u00e1tu (Word)<\/a><a href=\"https:\/\/www.kalibraceteplomeru.cz\/wp-content\/uploads\/2021\/11\/VZ65_Objednavka-kalibrace-teplomeru_08.docx\" class=\"wp-block-file__button wp-element-button\" download aria-describedby=\"wp-block-file--media-019ccb85-90a2-49e5-9e90-963fec8780af\">St\u00e1hnout<\/a><\/div>\n<\/div>\n<\/div>\n\n\n\n<div class=\"wp-block-columns is-layout-flex wp-container-core-columns-is-layout-9d6595d7 wp-block-columns-is-layout-flex\">\n<div class=\"wp-block-column is-layout-flow wp-block-column-is-layout-flow\">\n<div class=\"wp-block-file\"><a id=\"wp-block-file--media-58e1b015-7c69-4a97-936e-9ea94704ac1c\" href=\"https:\/\/www.kalibraceteplomeru.cz\/wp-content\/uploads\/2021\/11\/VZ62_Objednavka-kalibrace-lednic_01.pdf\">Objedn\u00e1vka kalibrace lednic\/mraz\u00e1k\u016f (PDF)<\/a><a href=\"https:\/\/www.kalibraceteplomeru.cz\/wp-content\/uploads\/2021\/11\/VZ62_Objednavka-kalibrace-lednic_01.pdf\" class=\"wp-block-file__button wp-element-button\" download aria-describedby=\"wp-block-file--media-58e1b015-7c69-4a97-936e-9ea94704ac1c\">St\u00e1hnout<\/a><\/div>\n<\/div>\n\n\n\n<div class=\"wp-block-column is-layout-flow wp-block-column-is-layout-flow\">\n<div class=\"wp-block-file\"><a id=\"wp-block-file--media-53bbfd5f-7666-4fab-897b-ca9f0459bb6c\" href=\"https:\/\/www.kalibraceteplomeru.cz\/wp-content\/uploads\/2021\/11\/VZ62_Objednavka-kalibrace-lednic_01.docx\">Objedn\u00e1vka kalibrace lednice\/mraz\u00e1k\u016f (Word)<\/a><a href=\"https:\/\/www.kalibraceteplomeru.cz\/wp-content\/uploads\/2021\/11\/VZ62_Objednavka-kalibrace-lednic_01.docx\" class=\"wp-block-file__button wp-element-button\" download aria-describedby=\"wp-block-file--media-53bbfd5f-7666-4fab-897b-ca9f0459bb6c\">St\u00e1hnout<\/a><\/div>\n<\/div>\n<\/div>\n\n\n\n<div class=\"wp-block-columns is-layout-flex wp-container-core-columns-is-layout-9d6595d7 wp-block-columns-is-layout-flex\">\n<div class=\"wp-block-column is-layout-flow wp-block-column-is-layout-flow\">\n<div data-wp-interactive=\"core\/file\" class=\"wp-block-file\"><object data-wp-bind--hidden=\"!state.hasPdfPreview\" hidden class=\"wp-block-file__embed\" data=\"https:\/\/www.kalibraceteplomeru.cz\/wp-content\/uploads\/2024\/08\/Osvedceni-o-akreditaci-s-prilohami.pdf\" type=\"application\/pdf\" style=\"width:100%;height:600px\" aria-label=\"Vlo\u017eit z Osv\u011bd\u010den\u00ed o akreditaci s p\u0159\u00edlohami.\"><\/object><a id=\"wp-block-file--media-1f2a34a8-bec6-4d53-a7aa-6ce4dec2b236\" href=\"https:\/\/www.kalibraceteplomeru.cz\/wp-content\/uploads\/2024\/08\/Osvedceni-o-akreditaci-s-prilohami.pdf\">Osv\u011bd\u010den\u00ed o akreditaci s p\u0159\u00edlohami<\/a><a href=\"https:\/\/www.kalibraceteplomeru.cz\/wp-content\/uploads\/2024\/08\/Osvedceni-o-akreditaci-s-prilohami.pdf\" class=\"wp-block-file__button wp-element-button\" download aria-describedby=\"wp-block-file--media-1f2a34a8-bec6-4d53-a7aa-6ce4dec2b236\">St\u00e1hnout<\/a><\/div>\n<\/div>\n\n\n\n<div class=\"wp-block-column is-layout-flow wp-block-column-is-layout-flow\">\n<div class=\"wp-block-file\"><a id=\"wp-block-file--media-bfe08233-9471-43b8-a862-c3aee41bb71f\" href=\"https:\/\/www.kalibraceteplomeru.cz\/wp-content\/uploads\/2023\/08\/Priloha_teplota.pdf\">Priloha_teplota<\/a><a href=\"https:\/\/www.kalibraceteplomeru.cz\/wp-content\/uploads\/2023\/08\/Priloha_teplota.pdf\" class=\"wp-block-file__button wp-element-button\" download aria-describedby=\"wp-block-file--media-bfe08233-9471-43b8-a862-c3aee41bb71f\">St\u00e1hnout<\/a><\/div>\n<\/div>\n<\/div>\n\n\n\n<div class=\"wp-block-columns is-layout-flex wp-container-core-columns-is-layout-9d6595d7 wp-block-columns-is-layout-flex\">\n<div class=\"wp-block-column is-layout-flow wp-block-column-is-layout-flow\">\n<figure class=\"wp-block-image size-large is-resized\"><img loading=\"lazy\" decoding=\"async\" width=\"768\" height=\"1024\" src=\"https:\/\/www.kalibraceteplomeru.cz\/wp-content\/uploads\/2021\/11\/DSC02372-768x1024.jpg\" alt=\"\" class=\"wp-image-138\" style=\"width:182px;height:242px\" srcset=\"https:\/\/www.kalibraceteplomeru.cz\/wp-content\/uploads\/2021\/11\/DSC02372-768x1024.jpg 768w, https:\/\/www.kalibraceteplomeru.cz\/wp-content\/uploads\/2021\/11\/DSC02372-scaled-600x800.jpg 600w, https:\/\/www.kalibraceteplomeru.cz\/wp-content\/uploads\/2021\/11\/DSC02372-225x300.jpg 225w, https:\/\/www.kalibraceteplomeru.cz\/wp-content\/uploads\/2021\/11\/DSC02372-1152x1536.jpg 1152w, https:\/\/www.kalibraceteplomeru.cz\/wp-content\/uploads\/2021\/11\/DSC02372-1536x2048.jpg 1536w, https:\/\/www.kalibraceteplomeru.cz\/wp-content\/uploads\/2021\/11\/DSC02372-scaled.jpg 1920w\" sizes=\"auto, (max-width: 768px) 100vw, 768px\" \/><\/figure>\n<\/div>\n\n\n\n<div class=\"wp-block-column is-layout-flow wp-block-column-is-layout-flow\">\n<figure class=\"wp-block-image size-large is-resized\"><img loading=\"lazy\" decoding=\"async\" width=\"768\" height=\"1024\" src=\"https:\/\/www.kalibraceteplomeru.cz\/wp-content\/uploads\/2021\/11\/DSC02382-768x1024.jpg\" alt=\"\" class=\"wp-image-140\" style=\"width:180px;height:240px\" srcset=\"https:\/\/www.kalibraceteplomeru.cz\/wp-content\/uploads\/2021\/11\/DSC02382-768x1024.jpg 768w, https:\/\/www.kalibraceteplomeru.cz\/wp-content\/uploads\/2021\/11\/DSC02382-scaled-600x800.jpg 600w, https:\/\/www.kalibraceteplomeru.cz\/wp-content\/uploads\/2021\/11\/DSC02382-225x300.jpg 225w, https:\/\/www.kalibraceteplomeru.cz\/wp-content\/uploads\/2021\/11\/DSC02382-1152x1536.jpg 1152w, https:\/\/www.kalibraceteplomeru.cz\/wp-content\/uploads\/2021\/11\/DSC02382-1536x2048.jpg 1536w, https:\/\/www.kalibraceteplomeru.cz\/wp-content\/uploads\/2021\/11\/DSC02382-scaled.jpg 1920w\" sizes=\"auto, (max-width: 768px) 100vw, 768px\" \/><\/figure>\n<\/div>\n\n\n\n<div class=\"wp-block-column is-layout-flow wp-block-column-is-layout-flow\">\n<figure class=\"wp-block-image size-large is-resized\"><img loading=\"lazy\" decoding=\"async\" width=\"768\" height=\"1024\" src=\"https:\/\/www.kalibraceteplomeru.cz\/wp-content\/uploads\/2021\/11\/IMG_3582-768x1024.jpg\" alt=\"\" class=\"wp-image-139\" style=\"width:180px;height:240px\" srcset=\"https:\/\/www.kalibraceteplomeru.cz\/wp-content\/uploads\/2021\/11\/IMG_3582-768x1024.jpg 768w, https:\/\/www.kalibraceteplomeru.cz\/wp-content\/uploads\/2021\/11\/IMG_3582-scaled-600x800.jpg 600w, https:\/\/www.kalibraceteplomeru.cz\/wp-content\/uploads\/2021\/11\/IMG_3582-225x300.jpg 225w, https:\/\/www.kalibraceteplomeru.cz\/wp-content\/uploads\/2021\/11\/IMG_3582-1152x1536.jpg 1152w, https:\/\/www.kalibraceteplomeru.cz\/wp-content\/uploads\/2021\/11\/IMG_3582-1536x2048.jpg 1536w, https:\/\/www.kalibraceteplomeru.cz\/wp-content\/uploads\/2021\/11\/IMG_3582-scaled.jpg 1920w\" sizes=\"auto, (max-width: 768px) 100vw, 768px\" \/><\/figure>\n<\/div>\n<\/div>\n\n\n\n<p><\/p>\n","protected":false},"excerpt":{"rendered":"","protected":false},"author":1,"featured_media":0,"parent":0,"menu_order":0,"comment_status":"closed","ping_status":"closed","template":"","meta":{"_monsterinsights_skip_tracking":false,"_monsterinsights_sitenote_active":false,"_monsterinsights_sitenote_note":"","_monsterinsights_sitenote_category":0,"footnotes":""},"class_list":["post-128","page","type-page","status-publish","hentry"],"_links":{"self":[{"href":"https:\/\/www.kalibraceteplomeru.cz\/index.php?rest_route=\/wp\/v2\/pages\/128","targetHints":{"allow":["GET"]}}],"collection":[{"href":"https:\/\/www.kalibraceteplomeru.cz\/index.php?rest_route=\/wp\/v2\/pages"}],"about":[{"href":"https:\/\/www.kalibraceteplomeru.cz\/index.php?rest_route=\/wp\/v2\/types\/page"}],"author":[{"embeddable":true,"href":"https:\/\/www.kalibraceteplomeru.cz\/index.php?rest_route=\/wp\/v2\/users\/1"}],"replies":[{"embeddable":true,"href":"https:\/\/www.kalibraceteplomeru.cz\/index.php?rest_route=%2Fwp%2Fv2%2Fcomments&post=128"}],"version-history":[{"count":17,"href":"https:\/\/www.kalibraceteplomeru.cz\/index.php?rest_route=\/wp\/v2\/pages\/128\/revisions"}],"predecessor-version":[{"id":434,"href":"https:\/\/www.kalibraceteplomeru.cz\/index.php?rest_route=\/wp\/v2\/pages\/128\/revisions\/434"}],"wp:attachment":[{"href":"https:\/\/www.kalibraceteplomeru.cz\/index.php?rest_route=%2Fwp%2Fv2%2Fmedia&parent=128"}],"curies":[{"name":"wp","href":"https:\/\/api.w.org\/{rel}","templated":true}]}}