{"id":44,"date":"2021-11-25T08:09:04","date_gmt":"2021-11-25T08:09:04","guid":{"rendered":"https:\/\/www.kalibraceteplomeru.cz\/?page_id=44"},"modified":"2023-08-28T17:27:11","modified_gmt":"2023-08-28T17:27:11","slug":"kontaktni-udaje","status":"publish","type":"page","link":"https:\/\/www.kalibraceteplomeru.cz\/?page_id=44","title":{"rendered":"Kontaktn\u00ed \u00fadaje"},"content":{"rendered":"\n<div class=\"wp-block-columns is-layout-flex wp-container-core-columns-is-layout-9d6595d7 wp-block-columns-is-layout-flex\">\n<div class=\"wp-block-column is-layout-flow wp-block-column-is-layout-flow\">\n<figure class=\"wp-block-image size-large is-resized\"><img loading=\"lazy\" decoding=\"async\" src=\"https:\/\/www.kalibraceteplomeru.cz\/wp-content\/uploads\/2021\/11\/ScanLabPraha_logo_CMYK-1-1024x352.jpg\" alt=\"\" class=\"wp-image-170\" style=\"width:203px;height:68px\" width=\"203\" height=\"68\"\/><\/figure>\n<\/div>\n\n\n\n<div class=\"wp-block-column is-layout-flow wp-block-column-is-layout-flow\">\n<figure class=\"wp-block-image size-full is-resized\"><img loading=\"lazy\" decoding=\"async\" src=\"https:\/\/www.kalibraceteplomeru.cz\/wp-content\/uploads\/2021\/11\/CK-2373-3.gif\" alt=\"\" class=\"wp-image-172\" style=\"width:103px;height:99px\" width=\"103\" height=\"99\"\/><\/figure>\n<\/div>\n<\/div>\n\n\n\n<div class=\"wp-block-columns is-layout-flex wp-container-core-columns-is-layout-9d6595d7 wp-block-columns-is-layout-flex\">\n<div class=\"wp-block-column is-layout-flow wp-block-column-is-layout-flow\">\n<p><strong>Scanlab Praha s.r.o.<\/strong><\/p>\n\n\n\n<p>Kalibra\u010dn\u00ed laborato\u0159 Scanlab Praha<\/p>\n\n\n\n<p>Dr. Marodyho 143\/20<\/p>\n\n\n\n<p>196 00 Praha 9<\/p>\n\n\n\n<p><strong>Jednatel: ing. Jaroslav Vor\u00e1\u010dek<\/strong><\/p>\n\n\n\n<p>Tel.: +420 777 931 801<\/p>\n\n\n\n<p>Email:&nbsp;<a href=\"mailto:voracek@scanlabpraha.cz\">voracek@scanlabpraha.cz<\/a><\/p>\n<\/div>\n\n\n\n<div class=\"wp-block-column is-layout-flow wp-block-column-is-layout-flow\">\n<p><strong>P\u0159\u00edjem objedn\u00e1vek a svozu:<\/strong><\/p>\n\n\n\n<p>Radka Kra\u0165kov\u00e1<\/p>\n\n\n\n<p>Email:&nbsp;<a href=\"mailto:kratkova@scanlab.cz\">kratkova@scanlab.cz<\/a><\/p>\n\n\n\n<p>Tel.: +420 608 254 995 nebo +420 283 931 726<\/p>\n\n\n\n<p><strong>Centr\u00e1ln\u00ed email:<a href=\"https:\/\/www.kalibracepipet.cz\/info@kalibracepipet.cz\">\u00a0info@kalibrateplomeru.cz<\/a><\/strong><\/p>\n\n\n\n<p><strong>Telefonn\u00ed kontakty:<\/strong><\/p>\n\n\n\n<p>8:00 a\u017e 16:00: +420 608 254 995 nebo +420 283 931 726<\/p>\n\n\n\n<p>Non-stop: +420 777 931 801<\/p>\n<\/div>\n<\/div>\n\n\n\n<iframe loading=\"lazy\" style=\"border:none\" src=\"https:\/\/frame.mapy.cz\/s\/javegumora\" width=\"400\" height=\"280\" frameborder=\"0\"><\/iframe>\n","protected":false},"excerpt":{"rendered":"<p>Scanlab Praha s.r.o. Kalibra\u010dn\u00ed laborato\u0159 Scanlab Praha Dr. Marodyho 143\/20 196 00 Praha 9 Jednatel: ing. Jaroslav Vor\u00e1\u010dek Tel.: +420 777 931 801 Email:&nbsp;voracek@scanlabpraha.cz P\u0159\u00edjem objedn\u00e1vek a svozu: Radka Kra\u0165kov\u00e1 Email:&nbsp;kratkova@scanlab.cz Tel.: +420 608 254 995 nebo +420 283 931 726 Centr\u00e1ln\u00ed email:\u00a0info@kalibrateplomeru.cz Telefonn\u00ed kontakty: 8:00 a\u017e 16:00: +420 608 254 995 nebo +420 283 [&hellip;]<\/p>\n","protected":false},"author":1,"featured_media":0,"parent":0,"menu_order":0,"comment_status":"closed","ping_status":"closed","template":"","meta":{"_monsterinsights_skip_tracking":false,"_monsterinsights_sitenote_active":false,"_monsterinsights_sitenote_note":"","_monsterinsights_sitenote_category":0,"footnotes":""},"class_list":["post-44","page","type-page","status-publish","hentry"],"_links":{"self":[{"href":"https:\/\/www.kalibraceteplomeru.cz\/index.php?rest_route=\/wp\/v2\/pages\/44","targetHints":{"allow":["GET"]}}],"collection":[{"href":"https:\/\/www.kalibraceteplomeru.cz\/index.php?rest_route=\/wp\/v2\/pages"}],"about":[{"href":"https:\/\/www.kalibraceteplomeru.cz\/index.php?rest_route=\/wp\/v2\/types\/page"}],"author":[{"embeddable":true,"href":"https:\/\/www.kalibraceteplomeru.cz\/index.php?rest_route=\/wp\/v2\/users\/1"}],"replies":[{"embeddable":true,"href":"https:\/\/www.kalibraceteplomeru.cz\/index.php?rest_route=%2Fwp%2Fv2%2Fcomments&post=44"}],"version-history":[{"count":8,"href":"https:\/\/www.kalibraceteplomeru.cz\/index.php?rest_route=\/wp\/v2\/pages\/44\/revisions"}],"predecessor-version":[{"id":407,"href":"https:\/\/www.kalibraceteplomeru.cz\/index.php?rest_route=\/wp\/v2\/pages\/44\/revisions\/407"}],"wp:attachment":[{"href":"https:\/\/www.kalibraceteplomeru.cz\/index.php?rest_route=%2Fwp%2Fv2%2Fmedia&parent=44"}],"curies":[{"name":"wp","href":"https:\/\/api.w.org\/{rel}","templated":true}]}}