{"id":58,"date":"2021-11-25T08:58:33","date_gmt":"2021-11-25T08:58:33","guid":{"rendered":"https:\/\/www.kalibraceteplomeru.cz\/?page_id=58"},"modified":"2025-02-05T13:37:51","modified_gmt":"2025-02-05T13:37:51","slug":"popis-kalibracni-laboratore","status":"publish","type":"page","link":"https:\/\/www.kalibraceteplomeru.cz\/?page_id=58","title":{"rendered":"Popis kalibra\u010dn\u00ed laborato\u0159e"},"content":{"rendered":"\n<div class=\"wp-block-columns is-layout-flex wp-container-core-columns-is-layout-9d6595d7 wp-block-columns-is-layout-flex\">\n<div class=\"wp-block-column is-layout-flow wp-block-column-is-layout-flow\">\n<p style=\"font-size:16px\"> Kalibra\u010dn\u00ed laborato\u0159 Scanlab Praha, akreditov\u00e1na \u010cIA pod \u010d\u00edslem K2373 byla zalo\u017eena v roce 2012. V tomto roce prob\u011bhla prvn\u00ed akreditace pro m\u011b\u0159enou veli\u010dinu objem. V roce 2017 byla provedena akreditace pro veli\u010dinu teplota a v roce 2020 jsme akreditovali postup pro teploty a homogenity teplotn\u00edho pole u lednic a mraz\u00e1k\u016f. Od roku 2023 prov\u00e1d\u00edme kalibrace teplotn\u00edch \u010didel, um\u00edst\u011bn\u00fdch nej\u010dast\u011bji v hluboko mraz\u00edc\u00edch boxech, a\u017e do -85 \u00b0C.<\/p>\n<\/div>\n\n\n\n<div class=\"wp-block-column is-layout-flow wp-block-column-is-layout-flow\"><div class=\"wp-block-image\">\n<figure class=\"alignright is-resized\"><img decoding=\"async\" src=\"https:\/\/www.kalibracepipet.cz\/wp-content\/uploads\/2021\/11\/CK-2373.gif\" alt=\"Tento obr\u00e1zek nem\u00e1 vypln\u011bn\u00fd atribut alt; n\u00e1zev souboru je CK-2373.gif.\" style=\"width:127px;height:122px\"\/><\/figure>\n<\/div><\/div>\n<\/div>\n\n\n\n<div class=\"wp-block-columns is-layout-flex wp-container-core-columns-is-layout-9d6595d7 wp-block-columns-is-layout-flex\">\n<div class=\"wp-block-column is-layout-flow wp-block-column-is-layout-flow\">\n<p class=\"has-text-color\" style=\"color:#08a7eb;font-size:16px\"><strong><em>Nab\u00edz\u00edme V\u00e1m akreditovan\u00e9 kalibrace:<\/em><\/strong><\/p>\n\n\n\n<ul class=\"wp-block-list\">\n<li style=\"font-size:16px\">elektronick\u00fdch teplom\u011br\u016f (od -30 do 130 \u00b0C)<\/li>\n\n\n\n<li style=\"font-size:16px\">sklen\u011bn\u00fdch teplom\u011br\u016f (od -30 do 130 \u00b0C)<\/li>\n\n\n\n<li style=\"font-size:16px\">teploty a homogenity teplotn\u00edho pole lednic a mraz\u00e1k\u016f (od -30 do 50 \u00b0C)<\/li>\n\n\n\n<li style=\"font-size:16px\">kalibrace teplotn\u00edch \u010didel do -85 \u00b0C<\/li>\n<\/ul>\n\n\n\n<hr class=\"wp-block-separator has-css-opacity\"\/>\n\n\n\n<p class=\"has-vivid-cyan-blue-color has-text-color\" style=\"font-size:16px\"><strong><em>D\u00e1le V\u00e1m nab\u00edz\u00edme akreditovan\u00e9 kalibrace pipet a d\u00e1vkova\u010d\u016f:<\/em><\/strong><\/p>\n\n\n\n<p style=\"font-size:16px\">1-kan\u00e1lov\u00fdch pipet s fixn\u00edm objemem<\/p>\n\n\n\n<p style=\"font-size:16px\">1-kan\u00e1lov\u00fdch pipet s variabiln\u00edm objemem<\/p>\n\n\n\n<p style=\"font-size:16px\">8-kan\u00e1lov\u00fdch pipet<\/p>\n\n\n\n<p style=\"font-size:16px\">12-kan\u00e1lov\u00fdch pipet<\/p>\n\n\n\n<p style=\"font-size:16px\">D\u00e1vkova\u010d\u016f lahvov\u00fdch (single stroke)<\/p>\n\n\n\n<p style=\"font-size:16px\">D\u00e1vkova\u010d\u016f opakovac\u00edch<\/p>\n\n\n\n<p style=\"font-size:16px\">Kalibrace v\u0161ech pipet a d\u00e1vkova\u010d\u016f prov\u00e1d\u00edme akreditovanou metodou vych\u00e1zej\u00edc\u00ed z mezin\u00e1rodn\u00edch norem \u010cSN EN ISO 17025 a \u010cSN EN ISO 8655 \u2013 (1 a\u017e 6).<\/p>\n\n\n\n<p style=\"font-size:16px\">V\u00edce informac\u00ed naleznete <a href=\"http:\/\/www.kalibracepipet.cz\" data-type=\"URL\" data-id=\"www.kalibracepipet.cz\">ZDE<\/a>.<\/p>\n<\/div>\n\n\n\n<div class=\"wp-block-column is-layout-flow wp-block-column-is-layout-flow\"><div class=\"wp-block-image\">\n<figure class=\"alignright size-large is-resized\"><img loading=\"lazy\" decoding=\"async\" width=\"768\" height=\"1024\" src=\"https:\/\/www.kalibraceteplomeru.cz\/wp-content\/uploads\/2021\/11\/IMG_3584-768x1024.jpg\" alt=\"\" class=\"wp-image-148\" style=\"width:239px;height:318px\" srcset=\"https:\/\/www.kalibraceteplomeru.cz\/wp-content\/uploads\/2021\/11\/IMG_3584-768x1024.jpg 768w, https:\/\/www.kalibraceteplomeru.cz\/wp-content\/uploads\/2021\/11\/IMG_3584-scaled-600x800.jpg 600w, https:\/\/www.kalibraceteplomeru.cz\/wp-content\/uploads\/2021\/11\/IMG_3584-225x300.jpg 225w, https:\/\/www.kalibraceteplomeru.cz\/wp-content\/uploads\/2021\/11\/IMG_3584-1152x1536.jpg 1152w, https:\/\/www.kalibraceteplomeru.cz\/wp-content\/uploads\/2021\/11\/IMG_3584-1536x2048.jpg 1536w, https:\/\/www.kalibraceteplomeru.cz\/wp-content\/uploads\/2021\/11\/IMG_3584-scaled.jpg 1920w\" sizes=\"auto, (max-width: 768px) 100vw, 768px\" \/><\/figure>\n<\/div><\/div>\n<\/div>\n","protected":false},"excerpt":{"rendered":"<p>Kalibra\u010dn\u00ed laborato\u0159 Scanlab Praha, akreditov\u00e1na \u010cIA pod \u010d\u00edslem K2373 byla zalo\u017eena v roce 2012. V tomto roce prob\u011bhla prvn\u00ed akreditace pro m\u011b\u0159enou veli\u010dinu objem. V roce 2017 byla provedena akreditace pro veli\u010dinu teplota a v roce 2020 jsme akreditovali postup pro teploty a homogenity teplotn\u00edho pole u lednic a mraz\u00e1k\u016f. Od roku 2023 prov\u00e1d\u00edme kalibrace [&hellip;]<\/p>\n","protected":false},"author":1,"featured_media":0,"parent":0,"menu_order":0,"comment_status":"closed","ping_status":"closed","template":"","meta":{"_monsterinsights_skip_tracking":false,"_monsterinsights_sitenote_active":false,"_monsterinsights_sitenote_note":"","_monsterinsights_sitenote_category":0,"footnotes":""},"class_list":["post-58","page","type-page","status-publish","hentry"],"_links":{"self":[{"href":"https:\/\/www.kalibraceteplomeru.cz\/index.php?rest_route=\/wp\/v2\/pages\/58","targetHints":{"allow":["GET"]}}],"collection":[{"href":"https:\/\/www.kalibraceteplomeru.cz\/index.php?rest_route=\/wp\/v2\/pages"}],"about":[{"href":"https:\/\/www.kalibraceteplomeru.cz\/index.php?rest_route=\/wp\/v2\/types\/page"}],"author":[{"embeddable":true,"href":"https:\/\/www.kalibraceteplomeru.cz\/index.php?rest_route=\/wp\/v2\/users\/1"}],"replies":[{"embeddable":true,"href":"https:\/\/www.kalibraceteplomeru.cz\/index.php?rest_route=%2Fwp%2Fv2%2Fcomments&post=58"}],"version-history":[{"count":11,"href":"https:\/\/www.kalibraceteplomeru.cz\/index.php?rest_route=\/wp\/v2\/pages\/58\/revisions"}],"predecessor-version":[{"id":445,"href":"https:\/\/www.kalibraceteplomeru.cz\/index.php?rest_route=\/wp\/v2\/pages\/58\/revisions\/445"}],"wp:attachment":[{"href":"https:\/\/www.kalibraceteplomeru.cz\/index.php?rest_route=%2Fwp%2Fv2%2Fmedia&parent=58"}],"curies":[{"name":"wp","href":"https:\/\/api.w.org\/{rel}","templated":true}]}}