{"id":6,"date":"2021-11-25T06:43:16","date_gmt":"2021-11-25T06:43:16","guid":{"rendered":"https:\/\/www.kalibraceteplomeru.cz\/?page_id=6"},"modified":"2025-02-05T14:57:17","modified_gmt":"2025-02-05T14:57:17","slug":"kalibracni-laborator-scanlab-praha","status":"publish","type":"page","link":"https:\/\/www.kalibraceteplomeru.cz\/","title":{"rendered":"Kalibra\u010dn\u00ed laborato\u0159 Scanlab Praha"},"content":{"rendered":"\n<p class=\"has-vivid-cyan-blue-color has-text-color has-medium-font-size\"><strong>V\u00edt\u00e1me V\u00e1s na na\u0161ich str\u00e1nk\u00e1ch<\/strong><\/p>\n\n\n\n<div class=\"wp-block-columns is-layout-flex wp-container-core-columns-is-layout-9d6595d7 wp-block-columns-is-layout-flex\">\n<div class=\"wp-block-column is-layout-flow wp-block-column-is-layout-flow\" style=\"flex-basis:66.66%\">\n<p style=\"font-size:16px\">Nab\u00edz\u00edme V\u00e1m akreditovan\u00e9 kalibrace elektronick\u00fdch, indika\u010dn\u00edch a sklen\u011bn\u00fdch teplom\u011br\u016f. Teplom\u011bry kalibrujeme v na\u0161\u00ed kalibra\u010dn\u00ed laborato\u0159e a nab\u00edz\u00edme V\u00e1m tak\u00e9 kalibrace proveden\u00e9 na Va\u0161em pracovi\u0161ti. <\/p>\n\n\n\n<div style=\"height:44px\" aria-hidden=\"true\" class=\"wp-block-spacer\"><\/div>\n\n\n\n<p><\/p>\n\n\n\n<p style=\"font-size:16px\"><strong>Pro\u010d kalibrovat teplom\u011bry u n\u00e1s?<\/strong><\/p>\n\n\n\n<ol class=\"wp-block-list\">\n<li style=\"font-size:16px\">kalibrace jsou prov\u00e1d\u011bny do <strong>2 pracovn\u00edch dn\u016f<\/strong> (elektronick\u00e9)<\/li>\n\n\n\n<li style=\"font-size:16px\">v cel\u00e9 \u010cR a SR nab\u00edz\u00edme <strong>svoz a rozvoz teplom\u011br\u016f zdarma<\/strong><\/li>\n\n\n\n<li style=\"font-size:16px\">po dobu kalibrace V\u00e1m r\u00e1di nab\u00eddneme <strong>n\u00e1hradn\u00ed teplom\u011bry<\/strong> s platnou kalibrac\u00ed<\/li>\n\n\n\n<li style=\"font-size:16px\"><strong>kalibra\u010dn\u00ed listy<\/strong> V\u00e1m po\u0161leme <strong>naskenovan\u00e9<\/strong><\/li>\n\n\n\n<li style=\"font-size:16px\">Nab\u00edz\u00edme V\u00e1m kalibra\u010dn\u00ed listy ti\u0161t\u011bn\u00e9 a podepsan\u00e9 nebo v elektronick\u00e9 podob\u011b a <strong>elektronicky podepsan\u00e9<\/strong><\/li>\n\n\n\n<li style=\"font-size:16px\">nab\u00edz\u00edme mo\u017enost <strong>kalibrace teplom\u011br\u016f na Va\u0161em pracovi\u0161ti<\/strong><\/li>\n<\/ol>\n\n\n\n<hr class=\"wp-block-separator has-css-opacity\"\/>\n\n\n\n<p style=\"font-size:16px\"><strong>Nab\u00edz\u00edme V\u00e1m akreditovan\u00e9 kalibrace:<\/strong><\/p>\n\n\n\n<ol class=\"wp-block-list\">\n<li style=\"font-size:16px\">elektronick\u00fdch teplom\u011br\u016f v rozsahu od -30 do 130 \u00b0C<\/li>\n\n\n\n<li style=\"font-size:16px\">sklen\u011bn\u00fdch teplom\u011br\u016f v rozsahu od -30 do 80 \u00b0C<\/li>\n\n\n\n<li style=\"font-size:16px\">kalibrace elektronick\u00fdch teplom\u011br\u016f v mraz\u00e1c\u00edch  a\u017e do -85 \u00b0C<\/li>\n\n\n\n<li style=\"font-size:16px\">z\u00e1znamn\u00edk\u016f teploty pro p\u0159epravu v rozsahu od -30 do 130 \u00b0C<\/li>\n\n\n\n<li style=\"font-size:16px\">teploty a homogenity teplotn\u00edho pole lednic a mraz\u00e1k\u016f od -30 do 50 \u00b0C<\/li>\n<\/ol>\n<\/div>\n\n\n\n<div class=\"wp-block-column is-layout-flow wp-block-column-is-layout-flow\" style=\"flex-basis:33.33%\">\n<figure class=\"wp-block-image size-full is-resized\"><img loading=\"lazy\" decoding=\"async\" width=\"1024\" height=\"1024\" src=\"https:\/\/www.kalibraceteplomeru.cz\/wp-content\/uploads\/2024\/03\/ad03b09e-f401-491c-b250-ebe811a849f2.jpg\" alt=\"\" class=\"wp-image-413\" style=\"width:321px;height:auto\" srcset=\"https:\/\/www.kalibraceteplomeru.cz\/wp-content\/uploads\/2024\/03\/ad03b09e-f401-491c-b250-ebe811a849f2.jpg 1024w, https:\/\/www.kalibraceteplomeru.cz\/wp-content\/uploads\/2024\/03\/ad03b09e-f401-491c-b250-ebe811a849f2-300x300.jpg 300w, https:\/\/www.kalibraceteplomeru.cz\/wp-content\/uploads\/2024\/03\/ad03b09e-f401-491c-b250-ebe811a849f2-100x100.jpg 100w, https:\/\/www.kalibraceteplomeru.cz\/wp-content\/uploads\/2024\/03\/ad03b09e-f401-491c-b250-ebe811a849f2-600x600.jpg 600w, https:\/\/www.kalibraceteplomeru.cz\/wp-content\/uploads\/2024\/03\/ad03b09e-f401-491c-b250-ebe811a849f2-150x150.jpg 150w, https:\/\/www.kalibraceteplomeru.cz\/wp-content\/uploads\/2024\/03\/ad03b09e-f401-491c-b250-ebe811a849f2-768x768.jpg 768w\" sizes=\"auto, (max-width: 1024px) 100vw, 1024px\" \/><\/figure>\n<\/div>\n<\/div>\n\n\n\n<hr class=\"wp-block-separator has-css-opacity\"\/>\n\n\n\n<p style=\"font-size:16px\"><strong>Nab\u00edz\u00edme V\u00e1m:<\/strong><\/p>\n\n\n\n<p style=\"font-size:16px\">1)&nbsp;<strong>Akreditovan\u00e9 kalibrace<\/strong>: kalibrace jsou prov\u00e1d\u011bny dle postup\u016f schv\u00e1len\u00fdch \u010cIA, kter\u00e9 vych\u00e1zej\u00ed z mezin\u00e1rodn\u00edch norem. Kalibraci V\u00e1m r\u00e1di provedeme ve V\u00e1mi vybran\u00fdch teplotn\u00edch bodech. Kalibrace jsou standardn\u011b prov\u00e1d\u011bny do 2 pracovn\u00edch dn\u016f.<\/p>\n\n\n\n<p style=\"font-size:16px\">2)&nbsp;<strong>Neakreditovan\u00e9 kalibrace<\/strong>: kalibrace jsou prov\u00e1d\u011bny dle ve\u0159ejn\u00fdch postup\u016f. Kalibraci r\u00e1di provedeme ve V\u00e1mi vybran\u00fdch teplotn\u00edch bodech. Kalibrace jsou standardn\u011b prov\u00e1d\u011bny do 4 pracovn\u00edch dn\u016f. Neakreditovan\u00e1 kalibrace nen\u00ed akreditovan\u00fd v\u00fdkon.<\/p>\n\n\n\n<p style=\"font-size:16px\">3)&nbsp;<strong>Mezikalibra\u010dn\u00ed kontroly<\/strong>: mezikalibra\u010dn\u00ed kontrola teplom\u011bru se nej\u010dast\u011bji vyu\u017e\u00edv\u00e1 jako ur\u010dit\u00fd druh jistoty spr\u00e1vn\u00e9 m\u011b\u0159\u00edc\u00ed funkce teplom\u011bru. B\u011bhem t\u00e9to kontroly se ov\u011b\u0159\u00ed, zda teplom\u011br m\u011b\u0159\u00ed spr\u00e1vn\u00e9 hodnoty. Je tak\u00e9 provedena \u00fadr\u017eba teplom\u011bru, \u010di\u0161t\u011bn\u00ed apod. Mezikalibra\u010dn\u00ed kontrola nen\u00ed akreditovan\u00fd v\u00fdkon.<\/p>\n\n\n\n<div style=\"height:100px\" aria-hidden=\"true\" class=\"wp-block-spacer\"><\/div>\n\n\n\n<div class=\"wp-block-columns is-layout-flex wp-container-core-columns-is-layout-9d6595d7 wp-block-columns-is-layout-flex\">\n<div class=\"wp-block-column is-layout-flow wp-block-column-is-layout-flow\" style=\"flex-basis:33.33%\">\n<figure class=\"wp-block-image size-full is-resized\"><img loading=\"lazy\" decoding=\"async\" width=\"190\" height=\"70\" src=\"https:\/\/www.kalibraceteplomeru.cz\/wp-content\/uploads\/2023\/01\/logo.png\" alt=\"\" class=\"wp-image-355\" style=\"aspect-ratio:2.7045454545454546;width:154px;height:auto\"\/><\/figure>\n<\/div>\n\n\n\n<div class=\"wp-block-column is-layout-flow wp-block-column-is-layout-flow\" style=\"flex-basis:66.66%\">\n<div class=\"wp-block-columns is-layout-flex wp-container-core-columns-is-layout-9d6595d7 wp-block-columns-is-layout-flex\">\n<div class=\"wp-block-column is-layout-flow wp-block-column-is-layout-flow\">\n<div class=\"wp-block-columns is-layout-flex wp-container-core-columns-is-layout-9d6595d7 wp-block-columns-is-layout-flex\">\n<div class=\"wp-block-column is-layout-flow wp-block-column-is-layout-flow\">\n<p><strong>Nab\u00edz\u00edme kompletn\u00ed nab\u00eddku od firmy Comet Systems<\/strong><\/p>\n<\/div>\n<\/div>\n<\/div>\n<\/div>\n<\/div>\n<\/div>\n","protected":false},"excerpt":{"rendered":"<p>V\u00edt\u00e1me V\u00e1s na na\u0161ich str\u00e1nk\u00e1ch Nab\u00edz\u00edme V\u00e1m akreditovan\u00e9 kalibrace elektronick\u00fdch, indika\u010dn\u00edch a sklen\u011bn\u00fdch teplom\u011br\u016f. Teplom\u011bry kalibrujeme v na\u0161\u00ed kalibra\u010dn\u00ed laborato\u0159e a nab\u00edz\u00edme V\u00e1m tak\u00e9 kalibrace proveden\u00e9 na Va\u0161em pracovi\u0161ti. Pro\u010d kalibrovat teplom\u011bry u n\u00e1s? Nab\u00edz\u00edme V\u00e1m akreditovan\u00e9 kalibrace: Nab\u00edz\u00edme V\u00e1m: 1)&nbsp;Akreditovan\u00e9 kalibrace: kalibrace jsou prov\u00e1d\u011bny dle postup\u016f schv\u00e1len\u00fdch \u010cIA, kter\u00e9 vych\u00e1zej\u00ed z mezin\u00e1rodn\u00edch norem. Kalibraci [&hellip;]<\/p>\n","protected":false},"author":1,"featured_media":0,"parent":0,"menu_order":0,"comment_status":"closed","ping_status":"closed","template":"","meta":{"_monsterinsights_skip_tracking":false,"_monsterinsights_sitenote_active":false,"_monsterinsights_sitenote_note":"","_monsterinsights_sitenote_category":0,"footnotes":""},"class_list":["post-6","page","type-page","status-publish","hentry"],"_links":{"self":[{"href":"https:\/\/www.kalibraceteplomeru.cz\/index.php?rest_route=\/wp\/v2\/pages\/6","targetHints":{"allow":["GET"]}}],"collection":[{"href":"https:\/\/www.kalibraceteplomeru.cz\/index.php?rest_route=\/wp\/v2\/pages"}],"about":[{"href":"https:\/\/www.kalibraceteplomeru.cz\/index.php?rest_route=\/wp\/v2\/types\/page"}],"author":[{"embeddable":true,"href":"https:\/\/www.kalibraceteplomeru.cz\/index.php?rest_route=\/wp\/v2\/users\/1"}],"replies":[{"embeddable":true,"href":"https:\/\/www.kalibraceteplomeru.cz\/index.php?rest_route=%2Fwp%2Fv2%2Fcomments&post=6"}],"version-history":[{"count":29,"href":"https:\/\/www.kalibraceteplomeru.cz\/index.php?rest_route=\/wp\/v2\/pages\/6\/revisions"}],"predecessor-version":[{"id":474,"href":"https:\/\/www.kalibraceteplomeru.cz\/index.php?rest_route=\/wp\/v2\/pages\/6\/revisions\/474"}],"wp:attachment":[{"href":"https:\/\/www.kalibraceteplomeru.cz\/index.php?rest_route=%2Fwp%2Fv2%2Fmedia&parent=6"}],"curies":[{"name":"wp","href":"https:\/\/api.w.org\/{rel}","templated":true}]}}